{"id":704,"date":"2026-02-06T19:13:03","date_gmt":"2026-02-06T16:13:03","guid":{"rendered":"https:\/\/facadium.com.tr\/arduino\/?page_id=704"},"modified":"2026-02-17T00:55:32","modified_gmt":"2026-02-16T21:55:32","slug":"iletisim","status":"publish","type":"page","link":"https:\/\/facadium.com.tr\/arduino\/iletisim\/","title":{"rendered":"\u0130leti\u015fim"},"content":{"rendered":"\t\t<div data-elementor-type=\"wp-page\" data-elementor-id=\"704\" class=\"elementor elementor-704\">\n\t\t\t\t<div class=\"elementor-element elementor-element-53f13b7f e-flex e-con-boxed e-con e-parent\" data-id=\"53f13b7f\" data-element_type=\"container\" data-e-type=\"container\">\n\t\t\t\t\t<div class=\"e-con-inner\">\n\t\t\t\t<div class=\"elementor-element elementor-element-277faed5 elementor-widget elementor-widget-text-editor\" data-id=\"277faed5\" data-element_type=\"widget\" data-e-type=\"widget\" data-widget_type=\"text-editor.default\">\n\t\t\t\t\t\t\t\t\t\n<h2 class=\"wp-block-heading\">Bizimle \u0130leti\u015fime Ge\u00e7in<\/h2>\n\n<p>Sorular\u0131n\u0131z, e\u011fitim talepleriniz ve sipari\u015fleriniz i\u00e7in bizimle ileti\u015fime ge\u00e7ebilirsiniz.<br \/>Size en h\u0131zl\u0131 \u015fekilde d\u00f6n\u00fc\u015f yapabilmemiz i\u00e7in a\u015fa\u011f\u0131daki kanallardan diledi\u011finizi kullanabilirsiniz.<\/p>\n<h3>Email<\/h3>\n<p><a href=\"mailto:info@facadium.com.tr\">info@facadium.com.tr<\/a><\/p>\n<h3>Telefon<\/h3>\n<p>0282 260 09 22 | 0553 377 29 28 | 0546 417 86 77<\/p>\n<h3>Adres<\/h3>\n<p>Aydo\u011fdu Mahallesi, Ulubey Sokak, Savlar Pasaj\u0131 No:6 K:1 S\u00fcleymanpa\u015fa \u2013 Tekirda\u011f ( Tekira AVM Yan\u0131 )<\/p>\n\t\t\t\t\t\t\t\t<\/div>\n\t\t\t\t\t<\/div>\n\t\t\t\t<\/div>\n\t\t<div class=\"elementor-element elementor-element-1e8a862 e-flex e-con-boxed e-con e-parent\" data-id=\"1e8a862\" data-element_type=\"container\" data-e-type=\"container\">\n\t\t\t\t\t<div class=\"e-con-inner\">\n\t\t\t\t<div class=\"elementor-element elementor-element-c7d0e6c elementor-widget elementor-widget-google_maps\" data-id=\"c7d0e6c\" data-element_type=\"widget\" data-e-type=\"widget\" data-widget_type=\"google_maps.default\">\n\t\t\t\t\t\t\t<div class=\"elementor-custom-embed\">\n\t\t\t<iframe loading=\"lazy\"\n\t\t\t\t\tsrc=\"https:\/\/maps.google.com\/maps?q=Facadium%20M%C3%BChendislik&#038;t=m&#038;z=16&#038;output=embed&#038;iwloc=near\"\n\t\t\t\t\ttitle=\"Facadium M\u00fchendislik\"\n\t\t\t\t\taria-label=\"Facadium M\u00fchendislik\"\n\t\t\t><\/iframe>\n\t\t<\/div>\n\t\t\t\t\t\t<\/div>\n\t\t\t\t\t<\/div>\n\t\t\t\t<\/div>\n\t\t\t\t<\/div>\n\t\t","protected":false},"excerpt":{"rendered":"<p>Bizimle \u0130leti\u015fime Ge\u00e7in Sorular\u0131n\u0131z, e\u011fitim talepleriniz ve sipari\u015fleriniz i\u00e7in bizimle ileti\u015fime ge\u00e7ebilirsiniz.Size en h\u0131zl\u0131 \u015fekilde d\u00f6n\u00fc\u015f yapabilmemiz i\u00e7in a\u015fa\u011f\u0131daki kanallardan [&hellip;]<\/p>\n","protected":false},"author":1,"featured_media":0,"parent":0,"menu_order":0,"comment_status":"closed","ping_status":"closed","template":"","meta":{"_acf_changed":false,"site-sidebar-layout":"default","site-content-layout":"","ast-site-content-layout":"default","site-content-style":"default","site-sidebar-style":"default","ast-global-header-display":"","ast-banner-title-visibility":"","ast-main-header-display":"","ast-hfb-above-header-display":"","ast-hfb-below-header-display":"","ast-hfb-mobile-header-display":"","site-post-title":"","ast-breadcrumbs-content":"","ast-featured-img":"","footer-sml-layout":"","ast-disable-related-posts":"","theme-transparent-header-meta":"","adv-header-id-meta":"","stick-header-meta":"","header-above-stick-meta":"","header-main-stick-meta":"","header-below-stick-meta":"","astra-migrate-meta-layouts":"default","ast-page-background-enabled":"default","ast-page-background-meta":{"desktop":{"background-color":"var(--ast-global-color-5)","background-image":"","background-repeat":"repeat","background-position":"center center","background-size":"auto","background-attachment":"scroll","background-type":"","background-media":"","overlay-type":"","overlay-color":"","overlay-opacity":"","overlay-gradient":""},"tablet":{"background-color":"","background-image":"","background-repeat":"repeat","background-position":"center center","background-size":"auto","background-attachment":"scroll","background-type":"","background-media":"","overlay-type":"","overlay-color":"","overlay-opacity":"","overlay-gradient":""},"mobile":{"background-color":"","background-image":"","background-repeat":"repeat","background-position":"center center","background-size":"auto","background-attachment":"scroll","background-type":"","background-media":"","overlay-type":"","overlay-color":"","overlay-opacity":"","overlay-gradient":""}},"ast-content-background-meta":{"desktop":{"background-color":"var(--ast-global-color-4)","background-image":"","background-repeat":"repeat","background-position":"center center","background-size":"auto","background-attachment":"scroll","background-type":"","background-media":"","overlay-type":"","overlay-color":"","overlay-opacity":"","overlay-gradient":""},"tablet":{"background-color":"var(--ast-global-color-4)","background-image":"","background-repeat":"repeat","background-position":"center center","background-size":"auto","background-attachment":"scroll","background-type":"","background-media":"","overlay-type":"","overlay-color":"","overlay-opacity":"","overlay-gradient":""},"mobile":{"background-color":"var(--ast-global-color-4)","background-image":"","background-repeat":"repeat","background-position":"center center","background-size":"auto","background-attachment":"scroll","background-type":"","background-media":"","overlay-type":"","overlay-color":"","overlay-opacity":"","overlay-gradient":""}},"footnotes":""},"class_list":["post-704","page","type-page","status-publish","hentry"],"acf":[],"_links":{"self":[{"href":"https:\/\/facadium.com.tr\/arduino\/wp-json\/wp\/v2\/pages\/704","targetHints":{"allow":["GET"]}}],"collection":[{"href":"https:\/\/facadium.com.tr\/arduino\/wp-json\/wp\/v2\/pages"}],"about":[{"href":"https:\/\/facadium.com.tr\/arduino\/wp-json\/wp\/v2\/types\/page"}],"author":[{"embeddable":true,"href":"https:\/\/facadium.com.tr\/arduino\/wp-json\/wp\/v2\/users\/1"}],"replies":[{"embeddable":true,"href":"https:\/\/facadium.com.tr\/arduino\/wp-json\/wp\/v2\/comments?post=704"}],"version-history":[{"count":10,"href":"https:\/\/facadium.com.tr\/arduino\/wp-json\/wp\/v2\/pages\/704\/revisions"}],"predecessor-version":[{"id":2039,"href":"https:\/\/facadium.com.tr\/arduino\/wp-json\/wp\/v2\/pages\/704\/revisions\/2039"}],"wp:attachment":[{"href":"https:\/\/facadium.com.tr\/arduino\/wp-json\/wp\/v2\/media?parent=704"}],"curies":[{"name":"wp","href":"https:\/\/api.w.org\/{rel}","templated":true}]}}